{"id":29179,"date":"2022-05-05T16:39:01","date_gmt":"2022-05-05T14:39:01","guid":{"rendered":"https:\/\/babelatlas.com\/?page_id=29179"},"modified":"2024-10-14T10:34:42","modified_gmt":"2024-10-14T08:34:42","slug":"iswan","status":"publish","type":"page","link":"https:\/\/babelatlas.com\/en\/iswan\/","title":{"rendered":"Iswan"},"content":{"rendered":"<p>[et_pb_section fb_built=\u00a0\u00bb1&Prime; _builder_version=\u00a0\u00bb4.17.3&Prime; _module_preset=\u00a0\u00bbdefault\u00a0\u00bb background_color=\u00a0\u00bb#f2f2f2&Prime; global_colors_info=\u00a0\u00bb{}\u00a0\u00bb][et_pb_row column_structure=\u00a0\u00bb1_2,1_2&Prime; _builder_version=\u00a0\u00bb4.17.3&Prime; _module_preset=\u00a0\u00bbdefault\u00a0\u00bb global_colors_info=\u00a0\u00bb{}\u00a0\u00bb][et_pb_column type=\u00a0\u00bb1_2&Prime; _builder_version=\u00a0\u00bb4.17.3&Prime; _module_preset=\u00a0\u00bbdefault\u00a0\u00bb global_colors_info=\u00a0\u00bb{}\u00a0\u00bb][et_pb_image src=\u00a0\u00bbhttps:\/\/babelatlas.com\/wp-content\/uploads\/2022\/05\/Iswan-2.jpg\u00a0\u00bb title_text=\u00a0\u00bbIswan-2&Prime; _builder_version=\u00a0\u00bb4.17.3&Prime; _module_preset=\u00a0\u00bbdefault\u00a0\u00bb box_shadow_style=\u00a0\u00bbpreset1&Prime; global_colors_info=\u00a0\u00bb{}\u00a0\u00bb][\/et_pb_image][\/et_pb_column][et_pb_column type=\u00a0\u00bb1_2&Prime; _builder_version=\u00a0\u00bb4.17.3&Prime; _module_preset=\u00a0\u00bbdefault\u00a0\u00bb global_colors_info=\u00a0\u00bb{}\u00a0\u00bb][et_pb_text _builder_version=\u00a0\u00bb4.17.3&Prime; _module_preset=\u00a0\u00bbdefault\u00a0\u00bb global_colors_info=\u00a0\u00bb{}\u00a0\u00bb]<\/p>\n<h2>Room \"Iswan\"<\/h2>\n<p>In the local Berber dialect, \"Iswan\" means \"Storks\"<\/p>\n<p>Double room situated on the first floor of the house<\/p>\n<ul>\n<li>Reversible air-conditioning (cooling\/heating)<\/li>\n<li>Private bathroom<\/li>\n<li>WiFi by Optic fibre<\/li>\n<\/ul>\n<p>[\/et_pb_text][\/et_pb_column][\/et_pb_row][et_pb_row column_structure=\u00a0\u00bb1_2,1_2&Prime; _builder_version=\u00a0\u00bb4.17.3&Prime; _module_preset=\u00a0\u00bbdefault\u00a0\u00bb global_colors_info=\u00a0\u00bb{}\u00a0\u00bb][et_pb_column type=\u00a0\u00bb1_2&Prime; _builder_version=\u00a0\u00bb4.17.3&Prime; _module_preset=\u00a0\u00bbdefault\u00a0\u00bb global_colors_info=\u00a0\u00bb{}\u00a0\u00bb][et_pb_image src=\u00a0\u00bbhttps:\/\/babelatlas.com\/wp-content\/uploads\/2022\/05\/Iswan-sdb.jpg\u00a0\u00bb title_text=\u00a0\u00bbIswan-sdb\u00a0\u00bb _builder_version=\u00a0\u00bb4.17.3&Prime; _module_preset=\u00a0\u00bbdefault\u00a0\u00bb box_shadow_style=\u00a0\u00bbpreset1&Prime; global_colors_info=\u00a0\u00bb{}\u00a0\u00bb][\/et_pb_image][\/et_pb_column][et_pb_column type=\u00a0\u00bb1_2&Prime; _builder_version=\u00a0\u00bb4.17.3&Prime; _module_preset=\u00a0\u00bbdefault\u00a0\u00bb global_colors_info=\u00a0\u00bb{}\u00a0\u00bb][et_pb_text _builder_version=\u00a0\u00bb4.17.3&Prime; _module_preset=\u00a0\u00bbdefault\u00a0\u00bb global_colors_info=\u00a0\u00bb{}\u00a0\u00bb]<\/p>\n<h2>Bathroom<\/h2>\n<ul>\n<li>Walls in Tadelakt (polished lime plaster) traditional tiled floor<\/li>\n<li>Shower, washbasin and European-style WC<\/li>\n<li>Shower gel, Shampoo, body lotion and soap supplied<\/li>\n<\/ul>\n<p>[\/et_pb_text][\/et_pb_column][\/et_pb_row][et_pb_row column_structure=\u00a0\u00bb1_2,1_2&Prime; _builder_version=\u00a0\u00bb4.17.3&Prime; _module_preset=\u00a0\u00bbdefault\u00a0\u00bb global_colors_info=\u00a0\u00bb{}\u00a0\u00bb][et_pb_column type=\u00a0\u00bb1_2&Prime; _builder_version=\u00a0\u00bb4.17.3&Prime; _module_preset=\u00a0\u00bbdefault\u00a0\u00bb global_colors_info=\u00a0\u00bb{}\u00a0\u00bb][et_pb_image src=\u00a0\u00bbhttps:\/\/babelatlas.com\/wp-content\/uploads\/2022\/05\/Tapis.jpg\u00a0\u00bb title_text=\u00a0\u00bbTapis\u00a0\u00bb _builder_version=\u00a0\u00bb4.17.3&Prime; _module_preset=\u00a0\u00bbdefault\u00a0\u00bb box_shadow_style=\u00a0\u00bbpreset1&Prime; global_colors_info=\u00a0\u00bb{}\u00a0\u00bb][\/et_pb_image][\/et_pb_column][et_pb_column type=\u00a0\u00bb1_2&Prime; _builder_version=\u00a0\u00bb4.17.3&Prime; _module_preset=\u00a0\u00bbdefault\u00a0\u00bb global_colors_info=\u00a0\u00bb{}\u00a0\u00bb][et_pb_text _builder_version=\u00a0\u00bb4.17.3&Prime; _module_preset=\u00a0\u00bbdefault\u00a0\u00bb global_colors_info=\u00a0\u00bb{}\u00a0\u00bb]<\/p>\n<h2>Close-up view of a carpet<\/h2>\n<p>Hand-woven in the high Atlas <\/p>\n<p>To look at a carpet is like walking in a garden (Berber saying)<\/p>\n<p>[\/et_pb_text][\/et_pb_column][\/et_pb_row][\/et_pb_section]<\/p>","protected":false},"excerpt":{"rendered":"<p>Chambre Iswan En dialecte berb\u00e8re local, Iswan veut dire la cigogne Chambre double situ\u00e9e au 1er \u00e9tage de la maison Climatiseur et chauffage Salle de bain privative Wi-fi par fibre optique Salle de bain Mur en tadelakt et sol carrel\u00e9 Douche, lavabo et WC Produits de toilette : Gel douche, shampoing, lait corporel et savon [&hellip;]<\/p>","protected":false},"author":2,"featured_media":0,"parent":0,"menu_order":0,"comment_status":"closed","ping_status":"closed","template":"","meta":{"_et_pb_use_builder":"on","_et_pb_old_content":"","_et_gb_content_width":"","footnotes":""},"class_list":["post-29179","page","type-page","status-publish","hentry"],"_links":{"self":[{"href":"https:\/\/babelatlas.com\/en\/wp-json\/wp\/v2\/pages\/29179","targetHints":{"allow":["GET"]}}],"collection":[{"href":"https:\/\/babelatlas.com\/en\/wp-json\/wp\/v2\/pages"}],"about":[{"href":"https:\/\/babelatlas.com\/en\/wp-json\/wp\/v2\/types\/page"}],"author":[{"embeddable":true,"href":"https:\/\/babelatlas.com\/en\/wp-json\/wp\/v2\/users\/2"}],"replies":[{"embeddable":true,"href":"https:\/\/babelatlas.com\/en\/wp-json\/wp\/v2\/comments?post=29179"}],"version-history":[{"count":8,"href":"https:\/\/babelatlas.com\/en\/wp-json\/wp\/v2\/pages\/29179\/revisions"}],"predecessor-version":[{"id":29560,"href":"https:\/\/babelatlas.com\/en\/wp-json\/wp\/v2\/pages\/29179\/revisions\/29560"}],"wp:attachment":[{"href":"https:\/\/babelatlas.com\/en\/wp-json\/wp\/v2\/media?parent=29179"}],"curies":[{"name":"wp","href":"https:\/\/api.w.org\/{rel}","templated":true}]}}