{"id":28926,"date":"2022-03-26T13:09:52","date_gmt":"2022-03-26T12:09:52","guid":{"rendered":"https:\/\/babelatlas.com\/?page_id=28926"},"modified":"2022-12-11T18:04:59","modified_gmt":"2022-12-11T17:04:59","slug":"bab-el-atlas-home-2","status":"publish","type":"page","link":"https:\/\/babelatlas.com\/fr\/","title":{"rendered":"HOME"},"content":{"rendered":"<p>[et_pb_section fb_built=\u00a0\u00bb1&Prime; fullwidth=\u00a0\u00bbon\u00a0\u00bb _builder_version=\u00a0\u00bb4.16.0&Prime; _module_preset=\u00a0\u00bbdefault\u00a0\u00bb background_color=\u00a0\u00bb#000000&Prime; use_background_color_gradient=\u00a0\u00bbon\u00a0\u00bb custom_margin=\u00a0\u00bb0px|0px|0px|0px|false|false\u00a0\u00bb custom_padding=\u00a0\u00bb0px|0px|0px|0px|false|false\u00a0\u00bb top_divider_height=\u00a0\u00bb46px\u00a0\u00bb bottom_divider_height=\u00a0\u00bb45px\u00a0\u00bb animation_style=\u00a0\u00bbfade\u00a0\u00bb border_width_all=\u00a0\u00bb1px\u00a0\u00bb border_color_all=\u00a0\u00bb#000000&Prime; box_shadow_style=\u00a0\u00bbpreset2&Prime; global_colors_info=\u00a0\u00bb{}\u00a0\u00bb][et_pb_nextend_smart_slider_3_fullwidth _builder_version=\u00a0\u00bb4.15.1&Prime; _module_preset=\u00a0\u00bbdefault\u00a0\u00bb global_colors_info=\u00a0\u00bb{}\u00a0\u00bb][\/et_pb_nextend_smart_slider_3_fullwidth][\/et_pb_section][et_pb_section fb_built=\u00a0\u00bb1&Prime; fullwidth=\u00a0\u00bbon\u00a0\u00bb _builder_version=\u00a0\u00bb4.19.1&Prime; _module_preset=\u00a0\u00bbdefault\u00a0\u00bb global_colors_info=\u00a0\u00bb{}\u00a0\u00bb][et_pb_fullwidth_image src=\u00a0\u00bbhttps:\/\/babelatlas.com\/wp-content\/uploads\/2022\/03\/BabelAtlas-maison.jpg\u00a0\u00bb title_text=\u00a0\u00bb(c)Kevin Dyer kevin@dyer.world\u00a0\u00bb _builder_version=\u00a0\u00bb4.19.1&Prime; _module_preset=\u00a0\u00bbdefault\u00a0\u00bb hover_enabled=\u00a0\u00bb0&Prime; global_colors_info=\u00a0\u00bb{}\u00a0\u00bb sticky_enabled=\u00a0\u00bb0&Prime;][\/et_pb_fullwidth_image][\/et_pb_section][et_pb_section fb_built=\u00a0\u00bb1&Prime; _builder_version=\u00a0\u00bb4.16.0&Prime; _module_preset=\u00a0\u00bbdefault\u00a0\u00bb background_color=\u00a0\u00bb#f2f2f2&Prime; custom_margin=\u00a0\u00bb0px||||false|false\u00a0\u00bb global_colors_info=\u00a0\u00bb{}\u00a0\u00bb][et_pb_row _builder_version=\u00a0\u00bb4.16.0&Prime; _module_preset=\u00a0\u00bbdefault\u00a0\u00bb global_colors_info=\u00a0\u00bb{}\u00a0\u00bb][et_pb_column type=\u00a0\u00bb4_4&Prime; _builder_version=\u00a0\u00bb4.16.0&Prime; _module_preset=\u00a0\u00bbdefault\u00a0\u00bb global_colors_info=\u00a0\u00bb{}\u00a0\u00bb][et_pb_text _builder_version=\u00a0\u00bb4.17.3&Prime; _module_preset=\u00a0\u00bbdefault\u00a0\u00bb custom_padding=\u00a0\u00bb||0px|||\u00a0\u00bb global_colors_info=\u00a0\u00bb{}\u00a0\u00bb]<\/p>\n<h1>Bienvenue \u00e0 Bab el Atlas<\/h1>\n<p>Maison d&rsquo;h\u00f4tes de charme, situ\u00e9e au pied sud de l&rsquo;Atlas et non loin du d\u00e9sert. Un lieu pour vous relaxer et si vous le souhaitez, partir \u00e0 l&rsquo;aventure. Les multiples terrasses offrent une vue exceptionnelle sur l&rsquo;antique forteresse du M&rsquo;goun, embl\u00e8me de la culture berb\u00e8re locale.<\/p>\n<p>Ici nous sommes au coeur de la vall\u00e9e des roses \u00e0 une heure de Ouarzazate, dans un village proche de la petite ville de Kelaat M&rsquo;Gouna. Chaque printemps, les roses de la vari\u00e9t\u00e9 Rosa Damascina, sont r\u00e9colt\u00e9es et distill\u00e9es pour produire de l&rsquo;huile essentielle et de l&rsquo;eau de rose.<\/p>\n<p>Cette maison d&rsquo;h\u00f4tes est construite de fa\u00e7on traditionnelle en pis\u00e9. L&rsquo;abondance du soleil nous permet de produire de l&rsquo;eau chaude gr\u00e2ce \u00e0 des panneaux solaires thermiques.\u00a0 Pour combler vos papilles, nous proposons une cuisine traditionnelle marocaine concoct\u00e9e avec des produits locaux.<\/p>\n<p>Le soir venu sur une terrasse sous un ciel \u00e9toil\u00e9, vous vous sentirez dans un palais des mille et une nuits.<\/p>\n<p>[\/et_pb_text][\/et_pb_column][\/et_pb_row][\/et_pb_section]<\/p>\n","protected":false},"excerpt":{"rendered":"<p>Bienvenue \u00e0 Bab el Atlas Maison d&rsquo;h\u00f4tes de charme, situ\u00e9e au pied sud de l&rsquo;Atlas et non loin du d\u00e9sert. Un lieu pour vous relaxer et si vous le souhaitez, partir \u00e0 l&rsquo;aventure. Les multiples terrasses offrent une vue exceptionnelle sur l&rsquo;antique forteresse du M&rsquo;goun, embl\u00e8me de la culture berb\u00e8re locale. Ici nous sommes au [&hellip;]<\/p>\n","protected":false},"author":2,"featured_media":0,"parent":0,"menu_order":0,"comment_status":"closed","ping_status":"closed","template":"","meta":{"_et_pb_use_builder":"on","_et_pb_old_content":"","_et_gb_content_width":"","footnotes":""},"class_list":["post-28926","page","type-page","status-publish","hentry"],"_links":{"self":[{"href":"https:\/\/babelatlas.com\/fr\/wp-json\/wp\/v2\/pages\/28926","targetHints":{"allow":["GET"]}}],"collection":[{"href":"https:\/\/babelatlas.com\/fr\/wp-json\/wp\/v2\/pages"}],"about":[{"href":"https:\/\/babelatlas.com\/fr\/wp-json\/wp\/v2\/types\/page"}],"author":[{"embeddable":true,"href":"https:\/\/babelatlas.com\/fr\/wp-json\/wp\/v2\/users\/2"}],"replies":[{"embeddable":true,"href":"https:\/\/babelatlas.com\/fr\/wp-json\/wp\/v2\/comments?post=28926"}],"version-history":[{"count":35,"href":"https:\/\/babelatlas.com\/fr\/wp-json\/wp\/v2\/pages\/28926\/revisions"}],"predecessor-version":[{"id":29530,"href":"https:\/\/babelatlas.com\/fr\/wp-json\/wp\/v2\/pages\/28926\/revisions\/29530"}],"wp:attachment":[{"href":"https:\/\/babelatlas.com\/fr\/wp-json\/wp\/v2\/media?parent=28926"}],"curies":[{"name":"wp","href":"https:\/\/api.w.org\/{rel}","templated":true}]}}