{"id":28972,"date":"2022-03-31T19:19:41","date_gmt":"2022-03-31T17:19:41","guid":{"rendered":"https:\/\/babelatlas.com\/?page_id=28972"},"modified":"2022-05-21T13:53:53","modified_gmt":"2022-05-21T11:53:53","slug":"acitvites","status":"publish","type":"page","link":"https:\/\/babelatlas.com\/fr\/acitvites\/","title":{"rendered":"ACTIVITES"},"content":{"rendered":"<p>[et_pb_section fb_built=\u00a0\u00bb1&Prime; _builder_version=\u00a0\u00bb4.17.3&Prime; _module_preset=\u00a0\u00bbdefault\u00a0\u00bb background_color=\u00a0\u00bb#f2f2f2&Prime; global_colors_info=\u00a0\u00bb{}\u00a0\u00bb][et_pb_row _builder_version=\u00a0\u00bb4.17.3&Prime; _module_preset=\u00a0\u00bbdefault\u00a0\u00bb custom_margin=\u00a0\u00bb0px||0px||false|false\u00a0\u00bb global_colors_info=\u00a0\u00bb{}\u00a0\u00bb][et_pb_column type=\u00a0\u00bb4_4&Prime; _builder_version=\u00a0\u00bb4.16.0&Prime; _module_preset=\u00a0\u00bbdefault\u00a0\u00bb global_colors_info=\u00a0\u00bb{}\u00a0\u00bb][et_pb_text _builder_version=\u00a0\u00bb4.17.4&Prime; _module_preset=\u00a0\u00bbdefault\u00a0\u00bb text_line_height=\u00a0\u00bb2.2em\u00a0\u00bb custom_margin=\u00a0\u00bb0px||0px||false|false\u00a0\u00bb custom_padding=\u00a0\u00bb0px||0px||false|false\u00a0\u00bb global_colors_info=\u00a0\u00bb{}\u00a0\u00bb]<\/p>\n<h1>Activit\u00e9s<span style=\"font-family: arial, sans-serif;\"><\/span><\/h1>\n<p><span style=\"font-family: arial, sans-serif;\">La vall\u00e9e des roses et le Sud de l\u2019Atlas nous ont envo\u00fbt\u00e9s au premier regard, et c\u2019est avec plaisir que nous partageons cette passion avec vous.<br \/><\/span><\/p>\n<p>[\/et_pb_text][\/et_pb_column][\/et_pb_row][et_pb_row column_structure=\u00a0\u00bb1_2,1_2&Prime; _builder_version=\u00a0\u00bb4.17.3&Prime; _module_preset=\u00a0\u00bbdefault\u00a0\u00bb custom_margin=\u00a0\u00bb0px||0px||false|false\u00a0\u00bb custom_padding=\u00a0\u00bb0px||0px||false|false\u00a0\u00bb global_colors_info=\u00a0\u00bb{}\u00a0\u00bb][et_pb_column type=\u00a0\u00bb1_2&Prime; _builder_version=\u00a0\u00bb4.17.3&Prime; _module_preset=\u00a0\u00bbdefault\u00a0\u00bb global_colors_info=\u00a0\u00bb{}\u00a0\u00bb][et_pb_text _builder_version=\u00a0\u00bb4.17.4&Prime; _dynamic_attributes=\u00a0\u00bblink_option_url\u00a0\u00bb _module_preset=\u00a0\u00bbdefault\u00a0\u00bb custom_margin=\u00a0\u00bb0px||0px||false|false\u00a0\u00bb custom_padding=\u00a0\u00bb0px||0px||false|false\u00a0\u00bb link_option_url=\u00a0\u00bb@ET-DC@eyJkeW5hbWljIjp0cnVlLCJjb250ZW50IjoicG9zdF9saW5rX3VybF9wYWdlIiwic2V0dGluZ3MiOnsicG9zdF9pZCI6IjI5NDczIn19@\u00a0\u00bb global_colors_info=\u00a0\u00bb{}\u00a0\u00bb]<\/p>\n<h2>Balades<\/h2>\n<p>[\/et_pb_text][et_pb_image src=\u00a0\u00bbhttps:\/\/babelatlas.com\/wp-content\/uploads\/2022\/05\/ballades.jpg\u00a0\u00bb title_text=\u00a0\u00bbballades\u00a0\u00bb url=\u00a0\u00bb@ET-DC@eyJkeW5hbWljIjp0cnVlLCJjb250ZW50IjoicG9zdF9saW5rX3VybF9wYWdlIiwic2V0dGluZ3MiOnsicG9zdF9pZCI6IjI5NDczIn19@\u00a0\u00bb _builder_version=\u00a0\u00bb4.17.4&Prime; _dynamic_attributes=\u00a0\u00bburl\u00a0\u00bb _module_preset=\u00a0\u00bbdefault\u00a0\u00bb custom_margin=\u00a0\u00bb||||false|false\u00a0\u00bb custom_padding=\u00a0\u00bb||||false|false\u00a0\u00bb box_shadow_style=\u00a0\u00bbpreset1&Prime; global_colors_info=\u00a0\u00bb{}\u00a0\u00bb][\/et_pb_image][et_pb_text _builder_version=\u00a0\u00bb4.17.4&Prime; _module_preset=\u00a0\u00bbdefault\u00a0\u00bb global_colors_info=\u00a0\u00bb{}\u00a0\u00bb]<\/p>\n<p><span style=\"font-family: arial, sans-serif;\">D\u00e9couverte de la vall\u00e9e des roses, un ruban de verdure dans un \u00e9crin de montagnes ocres. Les berb\u00e8res sont tr\u00e8s accueillants et il n&rsquo;est pas rare de se faire inviter \u00e0 boire un th\u00e9 chez l&rsquo;habitant.<\/span><\/p>\n<p><span style=\"font-family: arial, sans-serif;\">Balade accompagn\u00e9e entre une heure et une demi-journ\u00e9e selon votre envie.<\/span><\/p>\n<p>[\/et_pb_text][\/et_pb_column][et_pb_column type=\u00a0\u00bb1_2&Prime; _builder_version=\u00a0\u00bb4.17.3&Prime; _module_preset=\u00a0\u00bbdefault\u00a0\u00bb global_colors_info=\u00a0\u00bb{}\u00a0\u00bb][et_pb_text _builder_version=\u00a0\u00bb4.17.4&Prime; _module_preset=\u00a0\u00bbdefault\u00a0\u00bb custom_margin=\u00a0\u00bb0px||0px||false|false\u00a0\u00bb custom_padding=\u00a0\u00bb0px||0px||false|false\u00a0\u00bb hover_enabled=\u00a0\u00bb0&Prime; global_colors_info=\u00a0\u00bb{}\u00a0\u00bb link_option_url=\u00a0\u00bb@ET-DC@eyJkeW5hbWljIjp0cnVlLCJjb250ZW50IjoicG9zdF9saW5rX3VybF9wYWdlIiwic2V0dGluZ3MiOnsicG9zdF9pZCI6IjI5NDkyIn19@\u00a0\u00bb _dynamic_attributes=\u00a0\u00bblink_option_url\u00a0\u00bb sticky_enabled=\u00a0\u00bb0&Prime;]<\/p>\n<h2 style=\"line-height: 100%; margin-bottom: 0cm;\"><span style=\"font-family: arial, sans-serif;\">Excursions<\/span><\/h2>\n<p>[\/et_pb_text][et_pb_image src=\u00a0\u00bbhttps:\/\/babelatlas.com\/wp-content\/uploads\/2022\/05\/Excursions.jpg\u00a0\u00bb title_text=\u00a0\u00bbExcursions\u00a0\u00bb _builder_version=\u00a0\u00bb4.17.4&Prime; _module_preset=\u00a0\u00bbdefault\u00a0\u00bb hover_enabled=\u00a0\u00bb0&Prime; box_shadow_style=\u00a0\u00bbpreset1&Prime; global_colors_info=\u00a0\u00bb{}\u00a0\u00bb url=\u00a0\u00bb@ET-DC@eyJkeW5hbWljIjp0cnVlLCJjb250ZW50IjoicG9zdF9saW5rX3VybF9wYWdlIiwic2V0dGluZ3MiOnsicG9zdF9pZCI6IjI5NDkyIn19@\u00a0\u00bb _dynamic_attributes=\u00a0\u00bburl\u00a0\u00bb sticky_enabled=\u00a0\u00bb0&Prime;][\/et_pb_image][et_pb_text _builder_version=\u00a0\u00bb4.17.3&Prime; _module_preset=\u00a0\u00bbdefault\u00a0\u00bb global_colors_info=\u00a0\u00bb{}\u00a0\u00bb]<\/p>\n<p><span style=\"font-family: arial, sans-serif;\"><strong><span style=\"font-weight: normal;\">Montagnes sculpt\u00e9es de l\u2019Atlas, d\u00e9sert, oasis cach\u00e9 et architecture berb\u00e8re. Nous vous emmenons en voiture visiter les plus beaux sites de la r\u00e9gion.<br \/><\/span><\/strong><\/span><\/p>\n<p><span style=\"font-family: arial, sans-serif;\"><strong><span style=\"font-weight: normal;\">Selon la destination, compter entre un et deux jours.<\/span><\/strong><\/span><\/p>\n<p>[\/et_pb_text][\/et_pb_column][\/et_pb_row][et_pb_row column_structure=\u00a0\u00bb1_2,1_2&Prime; _builder_version=\u00a0\u00bb4.17.3&Prime; _module_preset=\u00a0\u00bbdefault\u00a0\u00bb global_colors_info=\u00a0\u00bb{}\u00a0\u00bb][et_pb_column type=\u00a0\u00bb1_2&Prime; _builder_version=\u00a0\u00bb4.17.3&Prime; _module_preset=\u00a0\u00bbdefault\u00a0\u00bb global_colors_info=\u00a0\u00bb{}\u00a0\u00bb][et_pb_text _builder_version=\u00a0\u00bb4.17.3&Prime; _module_preset=\u00a0\u00bbdefault\u00a0\u00bb custom_margin=\u00a0\u00bb0px||0px||false|false\u00a0\u00bb custom_padding=\u00a0\u00bb0px||0px||false|false\u00a0\u00bb global_colors_info=\u00a0\u00bb{}\u00a0\u00bb]<\/p>\n<h1>Cuisine marocaine<\/h1>\n<p>[\/et_pb_text][et_pb_image src=\u00a0\u00bbhttps:\/\/babelatlas.com\/wp-content\/uploads\/2022\/05\/Cuisine.jpg\u00a0\u00bb title_text=\u00a0\u00bbCuisine\u00a0\u00bb _builder_version=\u00a0\u00bb4.17.3&Prime; _module_preset=\u00a0\u00bbdefault\u00a0\u00bb box_shadow_style=\u00a0\u00bbpreset1&Prime; global_colors_info=\u00a0\u00bb{}\u00a0\u00bb][\/et_pb_image][et_pb_text _builder_version=\u00a0\u00bb4.17.3&Prime; _module_preset=\u00a0\u00bbdefault\u00a0\u00bb global_colors_info=\u00a0\u00bb{}\u00a0\u00bb]<\/p>\n<p style=\"line-height: 100%; margin-bottom: 0cm;\"><span style=\"font-family: arial, sans-serif;\">Cours de cuisine : tajine, couscous, cr\u00eapes marocaines<\/span><\/p>\n<p style=\"line-height: 100%; margin-bottom: 0cm;\"><span style=\"font-family: arial, sans-serif;\">Cuisson du pain chez l&rsquo;habitant<br \/><\/span><\/p>\n<p style=\"line-height: 100%; margin-bottom: 0cm;\">[\/et_pb_text][\/et_pb_column][et_pb_column type=\u00a0\u00bb1_2&Prime; _builder_version=\u00a0\u00bb4.17.3&Prime; _module_preset=\u00a0\u00bbdefault\u00a0\u00bb global_colors_info=\u00a0\u00bb{}\u00a0\u00bb][et_pb_text _builder_version=\u00a0\u00bb4.17.3&Prime; _module_preset=\u00a0\u00bbdefault\u00a0\u00bb custom_margin=\u00a0\u00bb0px||0px||false|false\u00a0\u00bb custom_padding=\u00a0\u00bb0px||0px||false|false\u00a0\u00bb global_colors_info=\u00a0\u00bb{}\u00a0\u00bb]<\/p>\n<h1>Trekking<\/h1>\n<p>[\/et_pb_text][et_pb_image src=\u00a0\u00bbhttps:\/\/babelatlas.com\/wp-content\/uploads\/2022\/05\/Treking.jpg\u00a0\u00bb title_text=\u00a0\u00bbTreking\u00a0\u00bb _builder_version=\u00a0\u00bb4.17.3&Prime; _module_preset=\u00a0\u00bbdefault\u00a0\u00bb box_shadow_style=\u00a0\u00bbpreset1&Prime; global_colors_info=\u00a0\u00bb{}\u00a0\u00bb][\/et_pb_image][et_pb_text _builder_version=\u00a0\u00bb4.17.3&Prime; _module_preset=\u00a0\u00bbdefault\u00a0\u00bb global_colors_info=\u00a0\u00bb{}\u00a0\u00bb]<\/p>\n<p>Marcher dans le silence du d\u00e9sert, parcourir l&rsquo;Atlas et ses sommets.<\/p>\n<p>Nous vous proposons un guide disposant de tout le mat\u00e9riel de camping pour vous accompagner sur ces parcours de plusieurs jours.<\/p>\n<p>[\/et_pb_text][\/et_pb_column][\/et_pb_row][\/et_pb_section]<\/p>\n","protected":false},"excerpt":{"rendered":"<p>Activit\u00e9s La vall\u00e9e des roses et le Sud de l\u2019Atlas nous ont envo\u00fbt\u00e9s au premier regard, et c\u2019est avec plaisir que nous partageons cette passion avec vous.BaladesD\u00e9couverte de la vall\u00e9e des roses, un ruban de verdure dans un \u00e9crin de montagnes ocres. Les berb\u00e8res sont tr\u00e8s accueillants et il n&rsquo;est pas rare de se faire [&hellip;]<\/p>\n","protected":false},"author":2,"featured_media":0,"parent":0,"menu_order":0,"comment_status":"closed","ping_status":"closed","template":"","meta":{"_et_pb_use_builder":"on","_et_pb_old_content":"","_et_gb_content_width":"","footnotes":""},"class_list":["post-28972","page","type-page","status-publish","hentry"],"_links":{"self":[{"href":"https:\/\/babelatlas.com\/fr\/wp-json\/wp\/v2\/pages\/28972","targetHints":{"allow":["GET"]}}],"collection":[{"href":"https:\/\/babelatlas.com\/fr\/wp-json\/wp\/v2\/pages"}],"about":[{"href":"https:\/\/babelatlas.com\/fr\/wp-json\/wp\/v2\/types\/page"}],"author":[{"embeddable":true,"href":"https:\/\/babelatlas.com\/fr\/wp-json\/wp\/v2\/users\/2"}],"replies":[{"embeddable":true,"href":"https:\/\/babelatlas.com\/fr\/wp-json\/wp\/v2\/comments?post=28972"}],"version-history":[{"count":38,"href":"https:\/\/babelatlas.com\/fr\/wp-json\/wp\/v2\/pages\/28972\/revisions"}],"predecessor-version":[{"id":29566,"href":"https:\/\/babelatlas.com\/fr\/wp-json\/wp\/v2\/pages\/28972\/revisions\/29566"}],"wp:attachment":[{"href":"https:\/\/babelatlas.com\/fr\/wp-json\/wp\/v2\/media?parent=28972"}],"curies":[{"name":"wp","href":"https:\/\/api.w.org\/{rel}","templated":true}]}}